{"id":88,"date":"2023-07-10T13:20:41","date_gmt":"2023-07-10T13:20:41","guid":{"rendered":"https:\/\/jabaspa.com\/store\/?post_type=product&#038;p=88"},"modified":"2025-04-03T00:41:28","modified_gmt":"2025-04-03T00:41:28","slug":"thai-herbal-90-minutes","status":"publish","type":"product","link":"https:\/\/jayaspa.com\/store\/product\/thai-herbal-90-minutes\/","title":{"rendered":"Thai herbal 90 minutes"},"content":{"rendered":"<p><strong>This Herbal compress massage is a traditional Thai therapy. It made from various aromatic dried herbs wrapped in soft cotton tissues. It uses to alleviate pain, sore or pulled muscles and ligaments, chronic backaches, arthritis, migraines and chronic stress or anxiety. It promotes blood circulation, improves your sleep and general well-being.<\/strong><\/p>\n<p><strong>Este masaje con compresas de hierbas es una terapia tradicional tailandesa. Se elabore con diversas hierbas arom\u00e1ticas secas envueltas en suaves pa\u00f1uelos de algod\u00f3n.Se utiliza para aliviar el dolor, dolores o tirones de m\u00fasculos y ligamentos, dolores de espalda cr\u00f3nicos,artritis, migra\u00f1as y estr\u00e9s o anxiedad cr\u00f3nicos. Favorece la circulaci\u00f3n sangu\u00ednea, mejora el sue\u00f1o y el bienestar general.\u00a0<\/strong><\/p>\n    <div class=\"masteqr-postwarpper\" id=\"masteqr-wrap69e77087e4454\"><div style=\"text-align:left\" id=\"masteqr-post69e77087e4454\" class=\"masteqr-post\"  data-size=\"300\" data-content=\"https:\/\/jayaspa.com\/store\/wp-json\/wp\/v2\/product\/88\"><\/div><div class =\"mqrbtnalign\" style=\"    display: flex;justify-content:left\"><div style=\"width:300px;display:flex;align-items: center;justify-content: center;font-size: small\"><a class=\"mqrdownload\" data-download=\"Thai herbal 90 minutes.png\"><span style=\"color:#fff;background:#e53463\" class=\"mqrdospan\">Download QR<\/span><\/a><span class=\"mqrprints\" id=\"printButtoncont69e77087e4454\" style=\"margin-left:10px;color:#fff;background:#e53463\";>Print QR<\/span>\n                <\/div><\/div><\/div>","protected":false},"excerpt":{"rendered":"<p><strong>This Herbal compress massage is a traditional Thai therapy. It made from various aromatic dried herbs wrapped in soft cotton tissues. It uses to alleviate pain, sore or pulled muscles and ligaments, chronic backaches, arthritis, migraines and chronic stress or anxiety. It promotes blood circulation, improves your sleep and general well-being.<\/strong><\/p>\n<p><strong>Este masaje con compresas de hierbas es una terapia tradicional tailandesa. Se elabore con diversas hierbas arom\u00e1ticas secas envueltas en suaves pa\u00f1uelos de algod\u00f3n.Se utiliza para aliviar el dolor, dolores o tirones de m\u00fasculos y ligamentos, dolores de espalda cr\u00f3nicos,artritis, migra\u00f1as y estr\u00e9s o anxiedad cr\u00f3nicos. Favorece la circulaci\u00f3n sangu\u00ednea, mejora el sue\u00f1o y el bienestar general.\u00a0<\/strong><\/p>\n","protected":false},"featured_media":258,"comment_status":"open","ping_status":"closed","template":"","meta":[],"product_brand":[],"product_cat":[33],"product_tag":[43,94,54],"mwb_booking_cost":[],"mwb_booking_service":[],"class_list":{"0":"post-88","1":"product","2":"type-product","3":"status-publish","4":"has-post-thumbnail","6":"product_cat-massage","7":"product_tag-90-minutes","8":"product_tag-herbal","9":"product_tag-thai","11":"first","12":"instock","13":"virtual","14":"taxable","15":"purchasable","16":"product-type-simple"},"supplier_id":null,"supplier_sku":"","barcode":null,"atum_controlled":false,"out_stock_date":null,"out_stock_threshold":null,"inheritable":false,"inbound_stock":0,"stock_on_hold":0,"sold_today":0,"sales_last_days":0,"reserved_stock":0,"customer_returns":0,"warehouse_damage":0,"lost_in_post":0,"other_logs":0,"out_stock_days":0,"lost_sales":0,"has_location":false,"update_date":"2026-04-21T00:17:54","atum_locations":[],"atum_stock_status":"instock","restock_status":false,"low_stock_amount":"","sales_update_date":"2026-04-21T00:17:54","calc_backorders":null,"jetpack_sharing_enabled":true,"_links":{"self":[{"href":"https:\/\/jayaspa.com\/store\/wp-json\/wp\/v2\/product\/88","targetHints":{"allow":["GET"]}}],"collection":[{"href":"https:\/\/jayaspa.com\/store\/wp-json\/wp\/v2\/product"}],"about":[{"href":"https:\/\/jayaspa.com\/store\/wp-json\/wp\/v2\/types\/product"}],"replies":[{"embeddable":true,"href":"https:\/\/jayaspa.com\/store\/wp-json\/wp\/v2\/comments?post=88"}],"wp:featuredmedia":[{"embeddable":true,"href":"https:\/\/jayaspa.com\/store\/wp-json\/wp\/v2\/media\/258"}],"wp:attachment":[{"href":"https:\/\/jayaspa.com\/store\/wp-json\/wp\/v2\/media?parent=88"}],"wp:term":[{"taxonomy":"product_brand","embeddable":true,"href":"https:\/\/jayaspa.com\/store\/wp-json\/wp\/v2\/product_brand?post=88"},{"taxonomy":"product_cat","embeddable":true,"href":"https:\/\/jayaspa.com\/store\/wp-json\/wp\/v2\/product_cat?post=88"},{"taxonomy":"product_tag","embeddable":true,"href":"https:\/\/jayaspa.com\/store\/wp-json\/wp\/v2\/product_tag?post=88"},{"taxonomy":"mwb_booking_cost","embeddable":true,"href":"https:\/\/jayaspa.com\/store\/wp-json\/wp\/v2\/mwb_booking_cost?post=88"},{"taxonomy":"mwb_booking_service","embeddable":true,"href":"https:\/\/jayaspa.com\/store\/wp-json\/wp\/v2\/mwb_booking_service?post=88"}],"curies":[{"name":"wp","href":"https:\/\/api.w.org\/{rel}","templated":true}]}}