{"id":80,"date":"2023-07-10T12:12:56","date_gmt":"2023-07-10T12:12:56","guid":{"rendered":"https:\/\/jabaspa.com\/store\/?post_type=product&#038;p=80"},"modified":"2025-06-05T20:54:02","modified_gmt":"2025-06-05T20:54:02","slug":"relieve-spa-packages-swedih-massage-moor-mud-body-wrap-antistress-facial-3hr","status":"publish","type":"product","link":"https:\/\/jayaspa.com\/store\/product\/relieve-spa-packages-swedih-massage-moor-mud-body-wrap-antistress-facial-3hr\/","title":{"rendered":"Relieve Spa Packages (Swedih massage + Moor mud body wrap with exfoliation salt scrub + anti stress facial) 3hr"},"content":{"rendered":"<p><em>Its a Relieve fully pamper packages to release\u00a0 tired muscle, tension and stress with Swedish full body massage. Its to nourish, rejuvenate, smooth the skin of the body treating by Moor mud body wrap following with relaxing anti stress facial treatment which is good to moisturize, smooth and relax your face. <\/em><\/p>\n<p><em>Es un paquete de alivio completo para liberar los m\u00fasculos cansados, la tensi\u00f3n y el estr\u00e9s con un masaje sueco de cuerpo completo. Es para nutrir, rejuvenecer y suavizar la piel del cuerpo tratando con una envoltura corporal de barro moro y luego con un tratamiento facial relajante antiestr\u00e9s que es bueno para hidratar, suavizar y relajar su rostro.<\/em><\/p>\n<p>&nbsp;<\/p>\n    <div class=\"masteqr-postwarpper\" id=\"masteqr-wrap69e7741114e5b\"><div style=\"text-align:left\" id=\"masteqr-post69e7741114e5b\" class=\"masteqr-post\"  data-size=\"300\" data-content=\"https:\/\/jayaspa.com\/store\/wp-json\/wp\/v2\/product\/80\"><\/div><div class =\"mqrbtnalign\" style=\"    display: flex;justify-content:left\"><div style=\"width:300px;display:flex;align-items: center;justify-content: center;font-size: small\"><a class=\"mqrdownload\" data-download=\"Relieve Spa Packages (Swedih massage + Moor mud body wrap with exfoliation salt scrub + anti stress facial) 3hr.png\"><span style=\"color:#fff;background:#e53463\" class=\"mqrdospan\">Download QR<\/span><\/a><span class=\"mqrprints\" id=\"printButtoncont69e7741114e5b\" style=\"margin-left:10px;color:#fff;background:#e53463\";>Print QR<\/span>\n                <\/div><\/div><\/div>","protected":false},"excerpt":{"rendered":"<p>Its a Relieve fully pamper packages to release\u00a0 tired muscle, tension and stress with Swedish full body massage. Its to nourish, rejuvenate, smooth the skin of the body treating by Moor mud body wrap following with relaxing anti stress facial treatment which is good to moisturize, smooth and relax your face.<\/p>\n<p><em>Es un paquete de alivio completo para liberar los m\u00fasculos cansados, la tensi\u00f3n y el estr\u00e9s con un masaje sueco de cuerpo completo. Es para nutrir, rejuvenecer y suavizar la piel del cuerpo tratando con una envoltura corporal de barro moro y luego con un tratamiento facial relajante antiestr\u00e9s que es bueno para hidratar, suavizar y relajar su rostro.<\/em><\/p>\n<p>&nbsp;<\/p>\n<p>&nbsp;<\/p>\n<p>&nbsp;<\/p>\n","protected":false},"featured_media":735,"comment_status":"open","ping_status":"closed","template":"","meta":[],"product_brand":[],"product_cat":[33],"product_tag":[91,72,61,37,24,83,84,68,89,67,90,62],"mwb_booking_cost":[],"mwb_booking_service":[],"class_list":{"0":"post-80","1":"product","2":"type-product","3":"status-publish","4":"has-post-thumbnail","6":"product_cat-massage","7":"product_tag-3hr","8":"product_tag-antistress","9":"product_tag-body","10":"product_tag-facial","11":"product_tag-massage","12":"product_tag-moor","13":"product_tag-mud","14":"product_tag-packages","15":"product_tag-relieve","16":"product_tag-spa","17":"product_tag-swedih","18":"product_tag-wrap","20":"first","21":"instock","22":"virtual","23":"taxable","24":"purchasable","25":"product-type-simple"},"supplier_id":null,"supplier_sku":"","barcode":null,"atum_controlled":false,"out_stock_date":null,"out_stock_threshold":null,"inheritable":false,"inbound_stock":0,"stock_on_hold":1,"sold_today":0,"sales_last_days":0,"reserved_stock":0,"customer_returns":0,"warehouse_damage":0,"lost_in_post":0,"other_logs":0,"out_stock_days":0,"lost_sales":0,"has_location":false,"update_date":"2026-04-21T00:17:54","atum_locations":[],"atum_stock_status":"instock","restock_status":false,"low_stock_amount":"","sales_update_date":"2026-04-21T00:17:54","calc_backorders":null,"jetpack_sharing_enabled":true,"_links":{"self":[{"href":"https:\/\/jayaspa.com\/store\/wp-json\/wp\/v2\/product\/80","targetHints":{"allow":["GET"]}}],"collection":[{"href":"https:\/\/jayaspa.com\/store\/wp-json\/wp\/v2\/product"}],"about":[{"href":"https:\/\/jayaspa.com\/store\/wp-json\/wp\/v2\/types\/product"}],"replies":[{"embeddable":true,"href":"https:\/\/jayaspa.com\/store\/wp-json\/wp\/v2\/comments?post=80"}],"wp:featuredmedia":[{"embeddable":true,"href":"https:\/\/jayaspa.com\/store\/wp-json\/wp\/v2\/media\/735"}],"wp:attachment":[{"href":"https:\/\/jayaspa.com\/store\/wp-json\/wp\/v2\/media?parent=80"}],"wp:term":[{"taxonomy":"product_brand","embeddable":true,"href":"https:\/\/jayaspa.com\/store\/wp-json\/wp\/v2\/product_brand?post=80"},{"taxonomy":"product_cat","embeddable":true,"href":"https:\/\/jayaspa.com\/store\/wp-json\/wp\/v2\/product_cat?post=80"},{"taxonomy":"product_tag","embeddable":true,"href":"https:\/\/jayaspa.com\/store\/wp-json\/wp\/v2\/product_tag?post=80"},{"taxonomy":"mwb_booking_cost","embeddable":true,"href":"https:\/\/jayaspa.com\/store\/wp-json\/wp\/v2\/mwb_booking_cost?post=80"},{"taxonomy":"mwb_booking_service","embeddable":true,"href":"https:\/\/jayaspa.com\/store\/wp-json\/wp\/v2\/mwb_booking_service?post=80"}],"curies":[{"name":"wp","href":"https:\/\/api.w.org\/{rel}","templated":true}]}}