{"id":78,"date":"2023-07-10T12:08:58","date_gmt":"2023-07-10T12:08:58","guid":{"rendered":"https:\/\/jabaspa.com\/store\/?post_type=product&#038;p=78"},"modified":"2023-10-20T14:56:50","modified_gmt":"2023-10-20T14:56:50","slug":"pregnancy-massage-1hr","status":"publish","type":"product","link":"https:\/\/jayaspa.com\/store\/product\/pregnancy-massage-1hr\/","title":{"rendered":"Pregnancy massage 1hr"},"content":{"rendered":"<p><strong>The pregnancy massage is a specially adapted gentle and soothing massage\u00a0 specifically for the Mom-to-be. It can relieve stress and anxiety, reduces swelling in your arms and legs, improves sleep.<\/strong><\/p>\n<p><strong>El masaje de embarazo es un masaje suave y relajante especialmento adapto espec\u00edficamente para la futura mam\u00e1. Puede aliviar el estr\u00e9s y la ansiedad, reduce la hinchaz\u00f3n de brazos y piernas y mejora el sue\u00f1o.<\/strong><\/p>\n    <div class=\"masteqr-postwarpper\" id=\"masteqr-wrap69e7707ed8c94\"><div style=\"text-align:left\" id=\"masteqr-post69e7707ed8c94\" class=\"masteqr-post\"  data-size=\"300\" data-content=\"https:\/\/jayaspa.com\/store\/wp-json\/wp\/v2\/product\/78\"><\/div><div class =\"mqrbtnalign\" style=\"    display: flex;justify-content:left\"><div style=\"width:300px;display:flex;align-items: center;justify-content: center;font-size: small\"><a class=\"mqrdownload\" data-download=\"Pregnancy massage 1hr.png\"><span style=\"color:#fff;background:#e53463\" class=\"mqrdospan\">Download QR<\/span><\/a><span class=\"mqrprints\" id=\"printButtoncont69e7707ed8c94\" style=\"margin-left:10px;color:#fff;background:#e53463\";>Print QR<\/span>\n                <\/div><\/div><\/div>","protected":false},"excerpt":{"rendered":"<p><strong>The pregnancy massage is a specially adapted gentle and soothing massage\u00a0 specifically for the Mom-to-be. It can relieve stress and anxiety, reduces swelling in your arms and legs, improves sleep.<\/strong><\/p>\n<p><strong>El masaje de embarazo es un masaje suave y relajante especialmento adapto espec\u00edficamente para la futura mam\u00e1. Puede aliviar el estr\u00e9s y la ansiedad, reduce la hinchaz\u00f3n de brazos y piernas y mejora el sue\u00f1o.<\/strong><\/p>\n","protected":false},"featured_media":1085,"comment_status":"open","ping_status":"closed","template":"","meta":[],"product_brand":[],"product_cat":[33],"product_tag":[25,24,87],"mwb_booking_cost":[],"mwb_booking_service":[],"class_list":{"0":"post-78","1":"product","2":"type-product","3":"status-publish","4":"has-post-thumbnail","6":"product_cat-massage","7":"product_tag-1hr","8":"product_tag-massage","9":"product_tag-pregnancy","11":"first","12":"instock","13":"virtual","14":"taxable","15":"purchasable","16":"product-type-simple"},"supplier_id":null,"supplier_sku":"","barcode":null,"atum_controlled":false,"out_stock_date":null,"out_stock_threshold":null,"inheritable":false,"inbound_stock":0,"stock_on_hold":1,"sold_today":0,"sales_last_days":0,"reserved_stock":0,"customer_returns":0,"warehouse_damage":0,"lost_in_post":0,"other_logs":0,"out_stock_days":0,"lost_sales":0,"has_location":false,"update_date":"2026-04-21T00:17:53","atum_locations":[],"atum_stock_status":"instock","restock_status":false,"low_stock_amount":"","sales_update_date":"2026-04-21T00:17:53","calc_backorders":null,"jetpack_sharing_enabled":true,"_links":{"self":[{"href":"https:\/\/jayaspa.com\/store\/wp-json\/wp\/v2\/product\/78","targetHints":{"allow":["GET"]}}],"collection":[{"href":"https:\/\/jayaspa.com\/store\/wp-json\/wp\/v2\/product"}],"about":[{"href":"https:\/\/jayaspa.com\/store\/wp-json\/wp\/v2\/types\/product"}],"replies":[{"embeddable":true,"href":"https:\/\/jayaspa.com\/store\/wp-json\/wp\/v2\/comments?post=78"}],"wp:featuredmedia":[{"embeddable":true,"href":"https:\/\/jayaspa.com\/store\/wp-json\/wp\/v2\/media\/1085"}],"wp:attachment":[{"href":"https:\/\/jayaspa.com\/store\/wp-json\/wp\/v2\/media?parent=78"}],"wp:term":[{"taxonomy":"product_brand","embeddable":true,"href":"https:\/\/jayaspa.com\/store\/wp-json\/wp\/v2\/product_brand?post=78"},{"taxonomy":"product_cat","embeddable":true,"href":"https:\/\/jayaspa.com\/store\/wp-json\/wp\/v2\/product_cat?post=78"},{"taxonomy":"product_tag","embeddable":true,"href":"https:\/\/jayaspa.com\/store\/wp-json\/wp\/v2\/product_tag?post=78"},{"taxonomy":"mwb_booking_cost","embeddable":true,"href":"https:\/\/jayaspa.com\/store\/wp-json\/wp\/v2\/mwb_booking_cost?post=78"},{"taxonomy":"mwb_booking_service","embeddable":true,"href":"https:\/\/jayaspa.com\/store\/wp-json\/wp\/v2\/mwb_booking_service?post=78"}],"curies":[{"name":"wp","href":"https:\/\/api.w.org\/{rel}","templated":true}]}}