{"id":73,"date":"2023-07-10T11:54:45","date_gmt":"2023-07-10T11:54:45","guid":{"rendered":"https:\/\/jabaspa.com\/store\/?post_type=product&#038;p=73"},"modified":"2023-10-20T14:51:03","modified_gmt":"2023-10-20T14:51:03","slug":"lymphatic-drainage-1hr","status":"publish","type":"product","link":"https:\/\/jayaspa.com\/store\/product\/lymphatic-drainage-1hr\/","title":{"rendered":"Lymphatic drainage 1hr"},"content":{"rendered":"<p>It&#8217;s a form of gentle massage that stimulates the lymphatic fluid&#8217;s movement in the body.It helps remove waste and toxins from the body&#8217;s tissue,reduces cellulite and water retention, releases tired legs, prevents varicose veins,hydrates the skin by reducing wrinkles and stretch marks, shapes the body.<\/p>\n<p>Es una forma de masaje suave que estimula el movimiento del liquido linf\u00e1tico en el cuerpo. Ayuda a eliminar desechos y toxinas de los tejidos del cuerpo, reduce la celulitis y la retenci\u00f3n de l\u00edquidos, libera las piernas cansadas, previene las varices, hidrata la piel reduciendo las arrugas y las estr\u00edas , da forma al cuerpo.<\/p>\n<p>&nbsp;<\/p>\n    <div class=\"masteqr-postwarpper\" id=\"masteqr-wrap69e7741188ffc\"><div style=\"text-align:left\" id=\"masteqr-post69e7741188ffc\" class=\"masteqr-post\"  data-size=\"300\" data-content=\"https:\/\/jayaspa.com\/store\/wp-json\/wp\/v2\/product\/73\"><\/div><div class =\"mqrbtnalign\" style=\"    display: flex;justify-content:left\"><div style=\"width:300px;display:flex;align-items: center;justify-content: center;font-size: small\"><a class=\"mqrdownload\" data-download=\"Lymphatic drainage 1hr.png\"><span style=\"color:#fff;background:#e53463\" class=\"mqrdospan\">Download QR<\/span><\/a><span class=\"mqrprints\" id=\"printButtoncont69e7741188ffc\" style=\"margin-left:10px;color:#fff;background:#e53463\";>Print QR<\/span>\n                <\/div><\/div><\/div>","protected":false},"excerpt":{"rendered":"<p>It&#8217;s a form of gentle massage that stimulates the lymphatic fluid&#8217;s movement in the body.It helps remove waste and toxins from the body&#8217;s tissue,reduces cellulite and water retention, releases tired legs, prevents varicose veins,hydrates the skin by reducing wrinkles and stretch marks, shapes the body.<\/p>\n<p>Es una forma de masaje suave que estimula el movimiento del liquido linf\u00e1tico en el cuerpo. Ayuda a eliminar desechos y toxinas de los tejidos del cuerpo, reduce la celulitis y la retenci\u00f3n de l\u00edquidos, libera las piernas cansadas, previene las varices, hidrata la piel reduciendo las arrugas y las estr\u00edas , da forma al cuerpo.<\/p>\n<p>&nbsp;<\/p>\n","protected":false},"featured_media":261,"comment_status":"open","ping_status":"closed","template":"","meta":[],"product_brand":[],"product_cat":[33],"product_tag":[25,70,80],"mwb_booking_cost":[],"mwb_booking_service":[],"class_list":{"0":"post-73","1":"product","2":"type-product","3":"status-publish","4":"has-post-thumbnail","6":"product_cat-massage","7":"product_tag-1hr","8":"product_tag-drainage","9":"product_tag-lymphatic","11":"first","12":"instock","13":"virtual","14":"taxable","15":"purchasable","16":"product-type-simple"},"supplier_id":null,"supplier_sku":"","barcode":null,"atum_controlled":false,"out_stock_date":null,"out_stock_threshold":null,"inheritable":false,"inbound_stock":0,"stock_on_hold":3,"sold_today":0,"sales_last_days":0,"reserved_stock":0,"customer_returns":0,"warehouse_damage":0,"lost_in_post":0,"other_logs":0,"out_stock_days":0,"lost_sales":0,"has_location":false,"update_date":"2026-04-21T00:17:53","atum_locations":[],"atum_stock_status":"instock","restock_status":false,"low_stock_amount":"","sales_update_date":"2026-04-21T00:17:53","calc_backorders":null,"jetpack_sharing_enabled":true,"_links":{"self":[{"href":"https:\/\/jayaspa.com\/store\/wp-json\/wp\/v2\/product\/73","targetHints":{"allow":["GET"]}}],"collection":[{"href":"https:\/\/jayaspa.com\/store\/wp-json\/wp\/v2\/product"}],"about":[{"href":"https:\/\/jayaspa.com\/store\/wp-json\/wp\/v2\/types\/product"}],"replies":[{"embeddable":true,"href":"https:\/\/jayaspa.com\/store\/wp-json\/wp\/v2\/comments?post=73"}],"wp:featuredmedia":[{"embeddable":true,"href":"https:\/\/jayaspa.com\/store\/wp-json\/wp\/v2\/media\/261"}],"wp:attachment":[{"href":"https:\/\/jayaspa.com\/store\/wp-json\/wp\/v2\/media?parent=73"}],"wp:term":[{"taxonomy":"product_brand","embeddable":true,"href":"https:\/\/jayaspa.com\/store\/wp-json\/wp\/v2\/product_brand?post=73"},{"taxonomy":"product_cat","embeddable":true,"href":"https:\/\/jayaspa.com\/store\/wp-json\/wp\/v2\/product_cat?post=73"},{"taxonomy":"product_tag","embeddable":true,"href":"https:\/\/jayaspa.com\/store\/wp-json\/wp\/v2\/product_tag?post=73"},{"taxonomy":"mwb_booking_cost","embeddable":true,"href":"https:\/\/jayaspa.com\/store\/wp-json\/wp\/v2\/mwb_booking_cost?post=73"},{"taxonomy":"mwb_booking_service","embeddable":true,"href":"https:\/\/jayaspa.com\/store\/wp-json\/wp\/v2\/mwb_booking_service?post=73"}],"curies":[{"name":"wp","href":"https:\/\/api.w.org\/{rel}","templated":true}]}}