{"id":70,"date":"2023-07-10T11:48:56","date_gmt":"2023-07-10T11:48:56","guid":{"rendered":"https:\/\/jabaspa.com\/store\/?post_type=product&#038;p=70"},"modified":"2023-10-21T17:00:56","modified_gmt":"2023-10-21T17:00:56","slug":"foot-reflexology-60-minutes","status":"publish","type":"product","link":"https:\/\/jayaspa.com\/store\/product\/foot-reflexology-60-minutes\/","title":{"rendered":"Foot Reflexology 60 minutes"},"content":{"rendered":"<p><strong>An alternative medicine that involves applying pressure to the feet and hands with thumb,finger and hand techniques. It stimulates nerve functions that help your body increase its energy level and circulation. It helps as well in sleep disorder, urinary infections and depression.<\/strong><\/p>\n<p><strong>Una medicina alternativa que consiste en aplicar presi\u00f3n en los pies y las manos con t\u00e9cnicas de pulgar, dedos y manos. Estimula las funciones nerviosas que ayudan a tu cuerpo a aumentar su nivel de energ\u00eda y circulaci\u00f3n. Tambi\u00e9n ayuda en los trastornos del sue\u00f1o, las infecciones urinarias y la depresi\u00f3n.<\/strong><\/p>\n    <div class=\"masteqr-postwarpper\" id=\"masteqr-wrap69e75cc4d5a4a\"><div style=\"text-align:left\" id=\"masteqr-post69e75cc4d5a4a\" class=\"masteqr-post\"  data-size=\"300\" data-content=\"https:\/\/jayaspa.com\/store\/wp-json\/wp\/v2\/product\/70\"><\/div><div class =\"mqrbtnalign\" style=\"    display: flex;justify-content:left\"><div style=\"width:300px;display:flex;align-items: center;justify-content: center;font-size: small\"><a class=\"mqrdownload\" data-download=\"Foot Reflexology 60 minutes.png\"><span style=\"color:#fff;background:#e53463\" class=\"mqrdospan\">Download QR<\/span><\/a><span class=\"mqrprints\" id=\"printButtoncont69e75cc4d5a4a\" style=\"margin-left:10px;color:#fff;background:#e53463\";>Print QR<\/span>\n                <\/div><\/div><\/div>","protected":false},"excerpt":{"rendered":"<p><strong>An alternative medicine that involves applying pressure to the feet and hands with thumb,finger and hand techniques. It stimulates nerve functions that help your body increase its energy level and circulation. It helps as well in sleep disorder, urinary infections and depression.<\/strong><\/p>\n<p><strong>Una medicina alternativa que consiste en aplicar presi\u00f3n en los pies y las manos con t\u00e9cnicas de pulgar, dedos y manos. Estimula las funciones nerviosas que ayudan a tu cuerpo a aumentar su nivel de energ\u00eda y circulaci\u00f3n. Tambi\u00e9n ayuda en los trastornos del sue\u00f1o, las infecciones urinarias y la depresi\u00f3n.<\/strong><\/p>\n","protected":false},"featured_media":251,"comment_status":"open","ping_status":"closed","template":"","meta":[],"product_brand":[],"product_cat":[33],"product_tag":[38,76,77],"mwb_booking_cost":[],"mwb_booking_service":[],"class_list":{"0":"post-70","1":"product","2":"type-product","3":"status-publish","4":"has-post-thumbnail","6":"product_cat-massage","7":"product_tag-60-minutes","8":"product_tag-foot","9":"product_tag-reflexology","11":"first","12":"instock","13":"virtual","14":"taxable","15":"purchasable","16":"product-type-simple"},"supplier_id":null,"supplier_sku":"","barcode":null,"atum_controlled":false,"out_stock_date":null,"out_stock_threshold":null,"inheritable":false,"inbound_stock":0,"stock_on_hold":0,"sold_today":0,"sales_last_days":0,"reserved_stock":0,"customer_returns":0,"warehouse_damage":0,"lost_in_post":0,"other_logs":0,"out_stock_days":0,"lost_sales":0,"has_location":false,"update_date":"2026-04-21T00:17:53","atum_locations":[],"atum_stock_status":"instock","restock_status":false,"low_stock_amount":"","sales_update_date":"2026-04-21T00:17:53","calc_backorders":null,"jetpack_sharing_enabled":true,"_links":{"self":[{"href":"https:\/\/jayaspa.com\/store\/wp-json\/wp\/v2\/product\/70","targetHints":{"allow":["GET"]}}],"collection":[{"href":"https:\/\/jayaspa.com\/store\/wp-json\/wp\/v2\/product"}],"about":[{"href":"https:\/\/jayaspa.com\/store\/wp-json\/wp\/v2\/types\/product"}],"replies":[{"embeddable":true,"href":"https:\/\/jayaspa.com\/store\/wp-json\/wp\/v2\/comments?post=70"}],"wp:featuredmedia":[{"embeddable":true,"href":"https:\/\/jayaspa.com\/store\/wp-json\/wp\/v2\/media\/251"}],"wp:attachment":[{"href":"https:\/\/jayaspa.com\/store\/wp-json\/wp\/v2\/media?parent=70"}],"wp:term":[{"taxonomy":"product_brand","embeddable":true,"href":"https:\/\/jayaspa.com\/store\/wp-json\/wp\/v2\/product_brand?post=70"},{"taxonomy":"product_cat","embeddable":true,"href":"https:\/\/jayaspa.com\/store\/wp-json\/wp\/v2\/product_cat?post=70"},{"taxonomy":"product_tag","embeddable":true,"href":"https:\/\/jayaspa.com\/store\/wp-json\/wp\/v2\/product_tag?post=70"},{"taxonomy":"mwb_booking_cost","embeddable":true,"href":"https:\/\/jayaspa.com\/store\/wp-json\/wp\/v2\/mwb_booking_cost?post=70"},{"taxonomy":"mwb_booking_service","embeddable":true,"href":"https:\/\/jayaspa.com\/store\/wp-json\/wp\/v2\/mwb_booking_service?post=70"}],"curies":[{"name":"wp","href":"https:\/\/api.w.org\/{rel}","templated":true}]}}