{"id":66,"date":"2023-07-10T11:30:29","date_gmt":"2023-07-10T11:30:29","guid":{"rendered":"https:\/\/jabaspa.com\/store\/?post_type=product&#038;p=66"},"modified":"2025-04-15T22:28:27","modified_gmt":"2025-04-15T22:28:27","slug":"couple-massage-60-minutes-for-2-persons","status":"publish","type":"product","link":"https:\/\/jayaspa.com\/store\/product\/couple-massage-60-minutes-for-2-persons\/","title":{"rendered":"Couple massage 60 minutes for 2 persons"},"content":{"rendered":"<p><em><strong>Relaxing couple massage is a shared experience with your love one. This massage is provided by two massage therapists at the same time, in the same treatment room in different beds massage. It releases tired muscles tension, stress and relaxing.<\/strong><\/em><\/p>\n<p>El masaje relajante en pareja es una experiencia compartida con la persona amada. Este masaje es realizado por dos masajistas al mismo tiempo, en la misma sala de tratamiento y en camas de masaje diferentes. Libera tensiones, estr\u00e9s y relajaci\u00f3n de los m\u00fasculos cansados<\/p>\n    <div class=\"masteqr-postwarpper\" id=\"masteqr-wrap69e74f88e6f8f\"><div style=\"text-align:left\" id=\"masteqr-post69e74f88e6f8f\" class=\"masteqr-post\"  data-size=\"300\" data-content=\"https:\/\/jayaspa.com\/store\/wp-json\/wp\/v2\/product\/66\"><\/div><div class =\"mqrbtnalign\" style=\"    display: flex;justify-content:left\"><div style=\"width:300px;display:flex;align-items: center;justify-content: center;font-size: small\"><a class=\"mqrdownload\" data-download=\"Couple massage 60 minutes for 2 persons.png\"><span style=\"color:#fff;background:#e53463\" class=\"mqrdospan\">Download QR<\/span><\/a><span class=\"mqrprints\" id=\"printButtoncont69e74f88e6f8f\" style=\"margin-left:10px;color:#fff;background:#e53463\";>Print QR<\/span>\n                <\/div><\/div><\/div>","protected":false},"excerpt":{"rendered":"<p><em><strong>Relaxing couple massage is a shared experience with your love one. This massage is provided by two massage therapists at the same time, in the same treatment room in different beds massage. It releases tired muscles tension, stress and relaxing.<\/strong><\/em><\/p>\n<p>El masaje relajante en pareja es una experiencia compartida con la persona amada. Este masaje es realizado por dos masajistas al mismo tiempo, en la misma sala de tratamiento y en camas de masaje diferentes. Libera tensiones, estr\u00e9s y relajaci\u00f3n de los m\u00fasculos cansados<\/p>\n","protected":false},"featured_media":761,"comment_status":"open","ping_status":"closed","template":"","meta":[],"product_brand":[],"product_cat":[33],"product_tag":[38,65,24],"mwb_booking_cost":[],"mwb_booking_service":[],"class_list":{"0":"post-66","1":"product","2":"type-product","3":"status-publish","4":"has-post-thumbnail","6":"product_cat-massage","7":"product_tag-60-minutes","8":"product_tag-couple","9":"product_tag-massage","11":"first","12":"instock","13":"sale","14":"virtual","15":"taxable","16":"purchasable","17":"product-type-simple"},"supplier_id":null,"supplier_sku":"","barcode":null,"atum_controlled":false,"out_stock_date":null,"out_stock_threshold":null,"inheritable":false,"inbound_stock":0,"stock_on_hold":9,"sold_today":0,"sales_last_days":0,"reserved_stock":0,"customer_returns":0,"warehouse_damage":0,"lost_in_post":0,"other_logs":0,"out_stock_days":0,"lost_sales":0,"has_location":false,"update_date":"2026-04-21T00:17:53","atum_locations":[],"atum_stock_status":"instock","restock_status":false,"low_stock_amount":"","sales_update_date":"2026-04-21T00:17:53","calc_backorders":null,"jetpack_sharing_enabled":true,"_links":{"self":[{"href":"https:\/\/jayaspa.com\/store\/wp-json\/wp\/v2\/product\/66","targetHints":{"allow":["GET"]}}],"collection":[{"href":"https:\/\/jayaspa.com\/store\/wp-json\/wp\/v2\/product"}],"about":[{"href":"https:\/\/jayaspa.com\/store\/wp-json\/wp\/v2\/types\/product"}],"replies":[{"embeddable":true,"href":"https:\/\/jayaspa.com\/store\/wp-json\/wp\/v2\/comments?post=66"}],"wp:featuredmedia":[{"embeddable":true,"href":"https:\/\/jayaspa.com\/store\/wp-json\/wp\/v2\/media\/761"}],"wp:attachment":[{"href":"https:\/\/jayaspa.com\/store\/wp-json\/wp\/v2\/media?parent=66"}],"wp:term":[{"taxonomy":"product_brand","embeddable":true,"href":"https:\/\/jayaspa.com\/store\/wp-json\/wp\/v2\/product_brand?post=66"},{"taxonomy":"product_cat","embeddable":true,"href":"https:\/\/jayaspa.com\/store\/wp-json\/wp\/v2\/product_cat?post=66"},{"taxonomy":"product_tag","embeddable":true,"href":"https:\/\/jayaspa.com\/store\/wp-json\/wp\/v2\/product_tag?post=66"},{"taxonomy":"mwb_booking_cost","embeddable":true,"href":"https:\/\/jayaspa.com\/store\/wp-json\/wp\/v2\/mwb_booking_cost?post=66"},{"taxonomy":"mwb_booking_service","embeddable":true,"href":"https:\/\/jayaspa.com\/store\/wp-json\/wp\/v2\/mwb_booking_service?post=66"}],"curies":[{"name":"wp","href":"https:\/\/api.w.org\/{rel}","templated":true}]}}