{"id":54,"date":"2023-07-09T23:46:35","date_gmt":"2023-07-09T23:46:35","guid":{"rendered":"https:\/\/jabaspa.com\/store\/?post_type=product&#038;p=54"},"modified":"2025-04-15T22:31:19","modified_gmt":"2025-04-15T22:31:19","slug":"balinese-massage-including-boreh-bali-105-minutes","status":"publish","type":"product","link":"https:\/\/jayaspa.com\/store\/product\/balinese-massage-including-boreh-bali-105-minutes\/","title":{"rendered":"Balinese massage including boreh Bali 105 minutes"},"content":{"rendered":"<p>Balinese Boreh is a traditional Balinese healing and restorative body treatment combined with a <a href=\"https:\/\/www.traditionalbodywork.com\/balinese-massage-indonesia\/\">Balinese Massage<\/a> session. Boreh is a scrub with organic herbal ingredient from ginger, cinnamon, nutmeg, white ginger, clove, turmeric, sandalwood, rice powder and black pepper. followed by a warming body mask or wrap that creates heat and relieves from muscular pains while stimulating overall blood circulation, alleviating jet-leg, refine the pores smooth the skin, refreshing, provider greater energy, clarity and well-being.<\/p>\n<div id=\"primary\" class=\"content-area full-width\">\n<p><span style=\"font-size: 1rem\">After having taken a shower to wash off the wrap, the client would typically proceed with having a full body Balinese Massage.<\/span><\/p>\n<article id=\"post-53147\" class=\"post-53147 post type-post status-publish format-standard hentry category-massage-therapy\">\n<div class=\"entry-content\">\n<div><span style=\"font-size: 1rem\">A massage body treatment by JBS team service. Balinese massage including boreh Bali 105 minutes<\/span><\/div>\n<div><\/div>\n<\/div>\n<div>\n<p>Balinese Boreh es un tratamiento corporal tradicional balin\u00e9s curativo y reparador combinado con una sesi\u00f3n de masaje balin\u00e9s. Boreh es un exfoliante con ingredientes herbales org\u00e1nicos de jengibre, canela, nuez moscada, jengibre blanco, clavo, c\u00farcuma, s\u00e1ndalo, arroz en polvo y pimienta negra. seguido de una mascarilla o envoltura corporal c\u00e1lida que crea calor y alivia los dolores musculares al mismo tiempo que estimula la circulaci\u00f3n sangu\u00ednea general, alivia el jet leg, afina los poros, suaviza la piel, refresca y proporciona mayor energ\u00eda, claridad y bienestar.<\/p>\n<p>Despu\u00e9s de haberse duchado para quitarse la envoltura, el cliente normalmente proceder\u00eda a recibir un masaje balin\u00e9s de cuerpo completo.<\/p>\n<p>Un tratamiento corporal de masaje a cargo del servicio del equipo JBS. Masaje balin\u00e9s incluido boreh Bali 105 minutos<\/p>\n<\/div>\n<\/article>\n<div><\/div>\n<\/div>\n    <div class=\"masteqr-postwarpper\" id=\"masteqr-wrap69e74f431b8d0\"><div style=\"text-align:left\" id=\"masteqr-post69e74f431b8d0\" class=\"masteqr-post\"  data-size=\"300\" data-content=\"https:\/\/jayaspa.com\/store\/wp-json\/wp\/v2\/product\/54\"><\/div><div class =\"mqrbtnalign\" style=\"    display: flex;justify-content:left\"><div style=\"width:300px;display:flex;align-items: center;justify-content: center;font-size: small\"><a class=\"mqrdownload\" data-download=\"Balinese massage including boreh Bali 105 minutes.png\"><span style=\"color:#fff;background:#e53463\" class=\"mqrdospan\">Download QR<\/span><\/a><span class=\"mqrprints\" id=\"printButtoncont69e74f431b8d0\" style=\"margin-left:10px;color:#fff;background:#e53463\";>Print QR<\/span>\n                <\/div><\/div><\/div>","protected":false},"excerpt":{"rendered":"<p>Balinese Boreh is a traditional Balinese healing and restorative body treatment combined with a <a href=\"https:\/\/www.traditionalbodywork.com\/balinese-massage-indonesia\/\">Balinese Massage<\/a> session. Boreh is a scrub with organic herbal ingredient from ginger, cinnamon, nutmeg, white ginger, clove, turmeric, sandalwood, rice powder and black pepper. followed by a warming body mask or wrap that creates heat and relieves from muscular pains while stimulating overall blood circulation, alleviating jet-leg, refine the pores smooth the skin, refreshing, provider greater energy, clarity and well-being.<\/p>\n<div id=\"primary\" class=\"content-area full-width\">\n<p>&nbsp;<\/p>\n<article id=\"post-53147\" class=\"post-53147 post type-post status-publish format-standard hentry category-massage-therapy\">\n<div class=\"entry-content\">\n<p>After having taken a shower to wash off the wrap, the client would typically proceed with having a full body Balinese Massage.<\/p>\n<div>A massage body treatment by JBS team service. Balinese massage including boreh Bali 105 minutes<\/div>\n<\/div>\n<\/article>\n<\/div>\n<p>&nbsp;<\/p>\n<p>Balinese Boreh es un tratamiento corporal tradicional balin\u00e9s curativo y reparador combinado con una sesi\u00f3n de masaje balin\u00e9s. Boreh es un exfoliante con ingredientes herbales org\u00e1nicos de jengibre, canela, nuez moscada, jengibre blanco, clavo, c\u00farcuma, s\u00e1ndalo, arroz en polvo y pimienta negra. seguido de una mascarilla o envoltura corporal c\u00e1lida que crea calor y alivia los dolores musculares al mismo tiempo que estimula la circulaci\u00f3n sangu\u00ednea general, alivia el jet leg, afina los poros, suaviza la piel, refresca y proporciona mayor energ\u00eda, claridad y bienestar.<\/p>\n<p>Despu\u00e9s de haberse duchado para quitarse la envoltura, el cliente normalmente proceder\u00eda a recibir un masaje balin\u00e9s de cuerpo completo.<\/p>\n<p>Un tratamiento corporal de masaje a cargo del servicio del equipo JBS. Masaje balin\u00e9s incluido boreh Bali 105 minutos<\/p>\n<p>&nbsp;<\/p>\n","protected":false},"featured_media":1219,"comment_status":"open","ping_status":"closed","template":"","meta":[],"product_brand":[],"product_cat":[33],"product_tag":[45,23,44,24],"mwb_booking_cost":[],"mwb_booking_service":[],"class_list":{"0":"post-54","1":"product","2":"type-product","3":"status-publish","4":"has-post-thumbnail","6":"product_cat-massage","7":"product_tag-105-minutes","8":"product_tag-balinese","9":"product_tag-boreh-bali","10":"product_tag-massage","12":"first","13":"instock","14":"sale","15":"virtual","16":"taxable","17":"purchasable","18":"product-type-simple"},"supplier_id":null,"supplier_sku":"","barcode":null,"atum_controlled":false,"out_stock_date":null,"out_stock_threshold":null,"inheritable":false,"inbound_stock":0,"stock_on_hold":11,"sold_today":0,"sales_last_days":0,"reserved_stock":0,"customer_returns":0,"warehouse_damage":0,"lost_in_post":0,"other_logs":0,"out_stock_days":0,"lost_sales":0,"has_location":false,"update_date":"2026-04-21T00:17:53","atum_locations":[],"atum_stock_status":"instock","restock_status":false,"low_stock_amount":"","sales_update_date":"2026-04-21T00:17:53","calc_backorders":null,"jetpack_sharing_enabled":true,"_links":{"self":[{"href":"https:\/\/jayaspa.com\/store\/wp-json\/wp\/v2\/product\/54","targetHints":{"allow":["GET"]}}],"collection":[{"href":"https:\/\/jayaspa.com\/store\/wp-json\/wp\/v2\/product"}],"about":[{"href":"https:\/\/jayaspa.com\/store\/wp-json\/wp\/v2\/types\/product"}],"replies":[{"embeddable":true,"href":"https:\/\/jayaspa.com\/store\/wp-json\/wp\/v2\/comments?post=54"}],"wp:featuredmedia":[{"embeddable":true,"href":"https:\/\/jayaspa.com\/store\/wp-json\/wp\/v2\/media\/1219"}],"wp:attachment":[{"href":"https:\/\/jayaspa.com\/store\/wp-json\/wp\/v2\/media?parent=54"}],"wp:term":[{"taxonomy":"product_brand","embeddable":true,"href":"https:\/\/jayaspa.com\/store\/wp-json\/wp\/v2\/product_brand?post=54"},{"taxonomy":"product_cat","embeddable":true,"href":"https:\/\/jayaspa.com\/store\/wp-json\/wp\/v2\/product_cat?post=54"},{"taxonomy":"product_tag","embeddable":true,"href":"https:\/\/jayaspa.com\/store\/wp-json\/wp\/v2\/product_tag?post=54"},{"taxonomy":"mwb_booking_cost","embeddable":true,"href":"https:\/\/jayaspa.com\/store\/wp-json\/wp\/v2\/mwb_booking_cost?post=54"},{"taxonomy":"mwb_booking_service","embeddable":true,"href":"https:\/\/jayaspa.com\/store\/wp-json\/wp\/v2\/mwb_booking_service?post=54"}],"curies":[{"name":"wp","href":"https:\/\/api.w.org\/{rel}","templated":true}]}}