{"id":285,"date":"2023-08-26T21:46:24","date_gmt":"2023-08-26T21:46:24","guid":{"rendered":"https:\/\/jabaspa.com\/store\/?post_type=product&#038;p=285"},"modified":"2024-06-25T19:24:52","modified_gmt":"2024-06-25T19:24:52","slug":"swedish-massage-including-marine-salt-scrub-90-minutes","status":"publish","type":"product","link":"https:\/\/jayaspa.com\/store\/product\/swedish-massage-including-marine-salt-scrub-90-minutes\/","title":{"rendered":"Swedish massage including marine salt scrub 90 minutes"},"content":{"rendered":"<p><em>Treating your body with Swedish deep tissue relaxing massage. It is\u00a0 good to release your tired muscles, tension and stress. Then, the treatment also pampers your\u00a0 skin with body exfoliation salt scrub to rejuvenating, detoxifying and smooth the skin.<\/em><\/p>\n<p><em>Trata tu cuerpo con un masaje relajante de tejido profundo. Es bueno para liberar los m\u00fasculos cansados, la tensi\u00f3n y el estr\u00e9s. Luego, el tratamiento tamb\u00eden mima tu piel con un exfoliaci\u00f3n con sal para rejuvenecer, desintoxicar y suavizar la piel.<\/em><\/p>\n    <div class=\"masteqr-postwarpper\" id=\"masteqr-wrap69e7707ed8652\"><div style=\"text-align:left\" id=\"masteqr-post69e7707ed8652\" class=\"masteqr-post\"  data-size=\"300\" data-content=\"https:\/\/jayaspa.com\/store\/wp-json\/wp\/v2\/product\/285\"><\/div><div class =\"mqrbtnalign\" style=\"    display: flex;justify-content:left\"><div style=\"width:300px;display:flex;align-items: center;justify-content: center;font-size: small\"><a class=\"mqrdownload\" data-download=\"Swedish massage including marine salt scrub 90 minutes.png\"><span style=\"color:#fff;background:#e53463\" class=\"mqrdospan\">Download QR<\/span><\/a><span class=\"mqrprints\" id=\"printButtoncont69e7707ed8652\" style=\"margin-left:10px;color:#fff;background:#e53463\";>Print QR<\/span>\n                <\/div><\/div><\/div>","protected":false},"excerpt":{"rendered":"<p><em>Treating your body with Swedish deep tissue relaxing massage. It is\u00a0 good to release your tired muscles, tension and stress. Then, the treatment also pampers your\u00a0 skin with body exfoliation salt scrub to rejuvenating, detoxifying and smooth the skin.<\/em><\/p>\n<p><em>Trata tu cuerpo con un masaje relajante de tejido profundo. Es bueno para liberar los m\u00fasculos cansados, la tensi\u00f3n y el estr\u00e9s. Luego, el tratamiento tamb\u00eden mima tu piel con un exfoliaci\u00f3n con sal para rejuvenecer, desintoxicar y suavizar la piel.<\/em><\/p>\n<p>&nbsp;<\/p>\n","protected":false},"featured_media":1222,"comment_status":"open","ping_status":"closed","template":"","meta":[],"product_brand":[],"product_cat":[33],"product_tag":[43,139,24,58,57,26],"mwb_booking_cost":[],"mwb_booking_service":[],"class_list":{"0":"post-285","1":"product","2":"type-product","3":"status-publish","4":"has-post-thumbnail","6":"product_cat-massage","7":"product_tag-90-minutes","8":"product_tag-marine","9":"product_tag-massage","10":"product_tag-salt","11":"product_tag-scrub","12":"product_tag-swedish","14":"first","15":"instock","16":"taxable","17":"shipping-taxable","18":"purchasable","19":"product-type-simple"},"supplier_id":null,"supplier_sku":"","barcode":null,"atum_controlled":false,"out_stock_date":null,"out_stock_threshold":null,"inheritable":false,"inbound_stock":0,"stock_on_hold":0,"sold_today":0,"sales_last_days":0,"reserved_stock":0,"customer_returns":0,"warehouse_damage":0,"lost_in_post":0,"other_logs":0,"out_stock_days":0,"lost_sales":0,"has_location":false,"update_date":"2026-04-21T00:17:54","atum_locations":[],"atum_stock_status":"instock","restock_status":false,"low_stock_amount":"","sales_update_date":"2026-04-21T00:17:54","calc_backorders":null,"jetpack_sharing_enabled":true,"_links":{"self":[{"href":"https:\/\/jayaspa.com\/store\/wp-json\/wp\/v2\/product\/285","targetHints":{"allow":["GET"]}}],"collection":[{"href":"https:\/\/jayaspa.com\/store\/wp-json\/wp\/v2\/product"}],"about":[{"href":"https:\/\/jayaspa.com\/store\/wp-json\/wp\/v2\/types\/product"}],"replies":[{"embeddable":true,"href":"https:\/\/jayaspa.com\/store\/wp-json\/wp\/v2\/comments?post=285"}],"wp:featuredmedia":[{"embeddable":true,"href":"https:\/\/jayaspa.com\/store\/wp-json\/wp\/v2\/media\/1222"}],"wp:attachment":[{"href":"https:\/\/jayaspa.com\/store\/wp-json\/wp\/v2\/media?parent=285"}],"wp:term":[{"taxonomy":"product_brand","embeddable":true,"href":"https:\/\/jayaspa.com\/store\/wp-json\/wp\/v2\/product_brand?post=285"},{"taxonomy":"product_cat","embeddable":true,"href":"https:\/\/jayaspa.com\/store\/wp-json\/wp\/v2\/product_cat?post=285"},{"taxonomy":"product_tag","embeddable":true,"href":"https:\/\/jayaspa.com\/store\/wp-json\/wp\/v2\/product_tag?post=285"},{"taxonomy":"mwb_booking_cost","embeddable":true,"href":"https:\/\/jayaspa.com\/store\/wp-json\/wp\/v2\/mwb_booking_cost?post=285"},{"taxonomy":"mwb_booking_service","embeddable":true,"href":"https:\/\/jayaspa.com\/store\/wp-json\/wp\/v2\/mwb_booking_service?post=285"}],"curies":[{"name":"wp","href":"https:\/\/api.w.org\/{rel}","templated":true}]}}